{"id":1024,"date":"2024-01-14T11:59:24","date_gmt":"2024-01-14T10:59:24","guid":{"rendered":"https:\/\/donabeatriz.org\/?page_id=1024"},"modified":"2024-03-03T14:10:54","modified_gmt":"2024-03-03T13:10:54","slug":"faire-un-don","status":"publish","type":"page","link":"https:\/\/donabeatriz.org\/index.php\/faire-un-don\/","title":{"rendered":"Faire un don"},"content":{"rendered":"\n<div class=\"wp-block-group has-global-padding is-layout-constrained wp-container-core-group-is-layout-389d16fd wp-block-group-is-layout-constrained\" style=\"padding-top:var(--wp--preset--spacing--superbspacing-xsmall);padding-right:var(--wp--preset--spacing--superbspacing-small);padding-bottom:var(--wp--preset--spacing--superbspacing-xxlarge);padding-left:var(--wp--preset--spacing--superbspacing-small)\">\n<div class=\"wp-block-columns is-layout-flex wp-container-core-columns-is-layout-9a60ae21 wp-block-columns-is-layout-flex\" style=\"margin-top:0;margin-bottom:var(--wp--preset--spacing--superbspacing-small)\">\n<div class=\"wp-block-column is-layout-flow wp-block-column-is-layout-flow\" style=\"flex-basis:40%\">\n<h2 class=\"wp-block-heading\" style=\"padding-bottom:var(--wp--preset--spacing--superbspacing-xsmall)\">Faire un don<\/h2>\n<\/div>\n\n\n\n<div class=\"wp-block-column is-layout-flow wp-block-column-is-layout-flow\">\n<div class=\"wp-block-group is-nowrap is-layout-flex wp-container-core-group-is-layout-970cba64 wp-block-group-is-layout-flex\" style=\"padding-top:var(--wp--preset--spacing--superbspacing-xxsmall)\">\n<h2 class=\"wp-block-heading has-primary-hover-color has-text-color has-link-color has-superbfont-medium-font-size wp-elements-2f69c56aa9da1656a51a158b52c1829a\">1<\/h2>\n\n\n\n<h2 class=\"wp-block-heading has-custom-noir-color has-text-color has-link-color has-superbfont-medium-font-size wp-elements-5c69b3664429c80cebeccb902b15b639\">site partenaire<\/h2>\n<\/div>\n\n\n\n<div class=\"wp-block-group has-global-padding is-layout-constrained wp-container-core-group-is-layout-685a0924 wp-block-group-is-layout-constrained\" style=\"border-top-style:none;border-top-width:0px;border-right-style:none;border-right-width:0px;border-bottom-style:none;border-bottom-width:0px;border-left-color:var(--wp--preset--color--primary-hover);border-left-width:4px;padding-left:var(--wp--preset--spacing--superbspacing-xxsmall)\">\n<p class=\"textegris has-mono-2-color has-text-color has-link-color wp-elements-717b1a659f14edb7ec1a21f278d6b8a3\">HelloAsso : la plateforme de paiement des associations.<\/p>\n<\/div>\n<\/div>\n<\/div>\n\n\n\n<div class=\"wp-block-group iframeDon has-global-padding is-layout-constrained wp-block-group-is-layout-constrained\">\n<iframe id=\"haWidget\" allowtransparency=\"true\" scrolling=\"auto\" src=\"https:\/\/www.helloasso.com\/associations\/dona-beatriz\/formulaires\/4\/widget\" style=\"width: 100%; height: 900px; border: none;\"><\/iframe>\n<\/div>\n<\/div>\n","protected":false},"excerpt":{"rendered":"<p>Faire un don 1 site partenaire HelloAsso : la plateforme de paiement des associations.<\/p>\n","protected":false},"author":2,"featured_media":0,"parent":0,"menu_order":0,"comment_status":"closed","ping_status":"closed","template":"","meta":{"_uag_custom_page_level_css":"","footnotes":""},"class_list":["post-1024","page","type-page","status-publish","hentry"],"yoast_head":"<!-- This site is optimized with the Yoast SEO plugin v27.3 - https:\/\/yoast.com\/product\/yoast-seo-wordpress\/ -->\n<title>Faire un don - Dona Beatriz<\/title>\n<meta name=\"description\" content=\"Faire un don pour Dona Beatriz, association d\u2019int\u00e9r\u00eat g\u00e9n\u00e9ral, acteur de l\u2019\u00e9conomie sociale et solidaire, dont la vocation premi\u00e8re est le soutien aux diff\u00e9rentes populations qui sont dans le besoin quels que soient leurs origines, \u00e2ges, genres et croyances religieuses, ainsi que la pr\u00e9servation de leurs environnements. Aidez Dona Beatriz dans ses projets.\" \/>\n<meta name=\"robots\" content=\"index, follow, max-snippet:-1, max-image-preview:large, max-video-preview:-1\" \/>\n<link rel=\"canonical\" href=\"https:\/\/donabeatriz.org\/index.php\/faire-un-don\/\" \/>\n<meta property=\"og:locale\" content=\"fr_FR\" \/>\n<meta property=\"og:type\" content=\"article\" \/>\n<meta property=\"og:title\" content=\"Faire un don - Dona Beatriz\" \/>\n<meta property=\"og:description\" content=\"Faire un don pour Dona Beatriz, association d\u2019int\u00e9r\u00eat g\u00e9n\u00e9ral, acteur de l\u2019\u00e9conomie sociale et solidaire, dont la vocation premi\u00e8re est le soutien aux diff\u00e9rentes populations qui sont dans le besoin quels que soient leurs origines, \u00e2ges, genres et croyances religieuses, ainsi que la pr\u00e9servation de leurs environnements. Aidez Dona Beatriz dans ses projets.\" \/>\n<meta property=\"og:url\" content=\"https:\/\/donabeatriz.org\/index.php\/faire-un-don\/\" \/>\n<meta property=\"og:site_name\" content=\"Dona Beatriz\" \/>\n<meta property=\"article:publisher\" content=\"https:\/\/www.facebook.com\/DonaBeatrizAssociation\" \/>\n<meta property=\"article:modified_time\" content=\"2024-03-03T13:10:54+00:00\" \/>\n<meta property=\"og:image\" content=\"https:\/\/donabeatriz.org\/wp-content\/uploads\/2023\/03\/Logo-Asso-Dona-Beatriz_complet.png\" \/>\n\t<meta property=\"og:image:width\" content=\"940\" \/>\n\t<meta property=\"og:image:height\" content=\"1108\" \/>\n\t<meta property=\"og:image:type\" content=\"image\/png\" \/>\n<meta name=\"twitter:card\" content=\"summary_large_image\" \/>\n<meta name=\"twitter:label1\" content=\"Dur\u00e9e de lecture estim\u00e9e\" \/>\n\t<meta name=\"twitter:data1\" content=\"1 minute\" \/>\n<script type=\"application\/ld+json\" class=\"yoast-schema-graph\">{\"@context\":\"https:\\\/\\\/schema.org\",\"@graph\":[{\"@type\":\"WebPage\",\"@id\":\"https:\\\/\\\/donabeatriz.org\\\/index.php\\\/faire-un-don\\\/\",\"url\":\"https:\\\/\\\/donabeatriz.org\\\/index.php\\\/faire-un-don\\\/\",\"name\":\"Faire un don - Dona Beatriz\",\"isPartOf\":{\"@id\":\"https:\\\/\\\/donabeatriz.org\\\/#website\"},\"datePublished\":\"2024-01-14T10:59:24+00:00\",\"dateModified\":\"2024-03-03T13:10:54+00:00\",\"description\":\"Faire un don pour Dona Beatriz, association d\u2019int\u00e9r\u00eat g\u00e9n\u00e9ral, acteur de l\u2019\u00e9conomie sociale et solidaire, dont la vocation premi\u00e8re est le soutien aux diff\u00e9rentes populations qui sont dans le besoin quels que soient leurs origines, \u00e2ges, genres et croyances religieuses, ainsi que la pr\u00e9servation de leurs environnements. Aidez Dona Beatriz dans ses projets.\",\"breadcrumb\":{\"@id\":\"https:\\\/\\\/donabeatriz.org\\\/index.php\\\/faire-un-don\\\/#breadcrumb\"},\"inLanguage\":\"fr-FR\",\"potentialAction\":[{\"@type\":\"ReadAction\",\"target\":[\"https:\\\/\\\/donabeatriz.org\\\/index.php\\\/faire-un-don\\\/\"]}]},{\"@type\":\"BreadcrumbList\",\"@id\":\"https:\\\/\\\/donabeatriz.org\\\/index.php\\\/faire-un-don\\\/#breadcrumb\",\"itemListElement\":[{\"@type\":\"ListItem\",\"position\":1,\"name\":\"Accueil\",\"item\":\"https:\\\/\\\/donabeatriz.org\\\/\"},{\"@type\":\"ListItem\",\"position\":2,\"name\":\"Faire un don\"}]},{\"@type\":\"WebSite\",\"@id\":\"https:\\\/\\\/donabeatriz.org\\\/#website\",\"url\":\"https:\\\/\\\/donabeatriz.org\\\/\",\"name\":\"Dona Beatriz\",\"description\":\"Association d\u2019int\u00e9r\u00eat g\u00e9n\u00e9ral, acteur de l\u2019\u00e9conomie sociale et solidaire, dont la vocation premi\u00e8re est le soutien aux diff\u00e9rentes populations qui sont dans le besoin quels que soient leurs origines, \u00e2ges, genres et croyances religieuses, ainsi que la pr\u00e9servation de leurs environnements.\",\"publisher\":{\"@id\":\"https:\\\/\\\/donabeatriz.org\\\/#organization\"},\"potentialAction\":[{\"@type\":\"SearchAction\",\"target\":{\"@type\":\"EntryPoint\",\"urlTemplate\":\"https:\\\/\\\/donabeatriz.org\\\/?s={search_term_string}\"},\"query-input\":{\"@type\":\"PropertyValueSpecification\",\"valueRequired\":true,\"valueName\":\"search_term_string\"}}],\"inLanguage\":\"fr-FR\"},{\"@type\":\"Organization\",\"@id\":\"https:\\\/\\\/donabeatriz.org\\\/#organization\",\"name\":\"Association Dona Beatriz\",\"url\":\"https:\\\/\\\/donabeatriz.org\\\/\",\"logo\":{\"@type\":\"ImageObject\",\"inLanguage\":\"fr-FR\",\"@id\":\"https:\\\/\\\/donabeatriz.org\\\/#\\\/schema\\\/logo\\\/image\\\/\",\"url\":\"\",\"contentUrl\":\"\",\"caption\":\"Association Dona Beatriz\"},\"image\":{\"@id\":\"https:\\\/\\\/donabeatriz.org\\\/#\\\/schema\\\/logo\\\/image\\\/\"},\"sameAs\":[\"https:\\\/\\\/www.facebook.com\\\/DonaBeatrizAssociation\"]}]}<\/script>\n<!-- \/ Yoast SEO plugin. -->","yoast_head_json":{"title":"Faire un don - Dona Beatriz","description":"Faire un don pour Dona Beatriz, association d\u2019int\u00e9r\u00eat g\u00e9n\u00e9ral, acteur de l\u2019\u00e9conomie sociale et solidaire, dont la vocation premi\u00e8re est le soutien aux diff\u00e9rentes populations qui sont dans le besoin quels que soient leurs origines, \u00e2ges, genres et croyances religieuses, ainsi que la pr\u00e9servation de leurs environnements. Aidez Dona Beatriz dans ses projets.","robots":{"index":"index","follow":"follow","max-snippet":"max-snippet:-1","max-image-preview":"max-image-preview:large","max-video-preview":"max-video-preview:-1"},"canonical":"https:\/\/donabeatriz.org\/index.php\/faire-un-don\/","og_locale":"fr_FR","og_type":"article","og_title":"Faire un don - Dona Beatriz","og_description":"Faire un don pour Dona Beatriz, association d\u2019int\u00e9r\u00eat g\u00e9n\u00e9ral, acteur de l\u2019\u00e9conomie sociale et solidaire, dont la vocation premi\u00e8re est le soutien aux diff\u00e9rentes populations qui sont dans le besoin quels que soient leurs origines, \u00e2ges, genres et croyances religieuses, ainsi que la pr\u00e9servation de leurs environnements. Aidez Dona Beatriz dans ses projets.","og_url":"https:\/\/donabeatriz.org\/index.php\/faire-un-don\/","og_site_name":"Dona Beatriz","article_publisher":"https:\/\/www.facebook.com\/DonaBeatrizAssociation","article_modified_time":"2024-03-03T13:10:54+00:00","og_image":[{"width":940,"height":1108,"url":"https:\/\/donabeatriz.org\/wp-content\/uploads\/2023\/03\/Logo-Asso-Dona-Beatriz_complet.png","type":"image\/png"}],"twitter_card":"summary_large_image","twitter_misc":{"Dur\u00e9e de lecture estim\u00e9e":"1 minute"},"schema":{"@context":"https:\/\/schema.org","@graph":[{"@type":"WebPage","@id":"https:\/\/donabeatriz.org\/index.php\/faire-un-don\/","url":"https:\/\/donabeatriz.org\/index.php\/faire-un-don\/","name":"Faire un don - Dona Beatriz","isPartOf":{"@id":"https:\/\/donabeatriz.org\/#website"},"datePublished":"2024-01-14T10:59:24+00:00","dateModified":"2024-03-03T13:10:54+00:00","description":"Faire un don pour Dona Beatriz, association d\u2019int\u00e9r\u00eat g\u00e9n\u00e9ral, acteur de l\u2019\u00e9conomie sociale et solidaire, dont la vocation premi\u00e8re est le soutien aux diff\u00e9rentes populations qui sont dans le besoin quels que soient leurs origines, \u00e2ges, genres et croyances religieuses, ainsi que la pr\u00e9servation de leurs environnements. Aidez Dona Beatriz dans ses projets.","breadcrumb":{"@id":"https:\/\/donabeatriz.org\/index.php\/faire-un-don\/#breadcrumb"},"inLanguage":"fr-FR","potentialAction":[{"@type":"ReadAction","target":["https:\/\/donabeatriz.org\/index.php\/faire-un-don\/"]}]},{"@type":"BreadcrumbList","@id":"https:\/\/donabeatriz.org\/index.php\/faire-un-don\/#breadcrumb","itemListElement":[{"@type":"ListItem","position":1,"name":"Accueil","item":"https:\/\/donabeatriz.org\/"},{"@type":"ListItem","position":2,"name":"Faire un don"}]},{"@type":"WebSite","@id":"https:\/\/donabeatriz.org\/#website","url":"https:\/\/donabeatriz.org\/","name":"Dona Beatriz","description":"Association d\u2019int\u00e9r\u00eat g\u00e9n\u00e9ral, acteur de l\u2019\u00e9conomie sociale et solidaire, dont la vocation premi\u00e8re est le soutien aux diff\u00e9rentes populations qui sont dans le besoin quels que soient leurs origines, \u00e2ges, genres et croyances religieuses, ainsi que la pr\u00e9servation de leurs environnements.","publisher":{"@id":"https:\/\/donabeatriz.org\/#organization"},"potentialAction":[{"@type":"SearchAction","target":{"@type":"EntryPoint","urlTemplate":"https:\/\/donabeatriz.org\/?s={search_term_string}"},"query-input":{"@type":"PropertyValueSpecification","valueRequired":true,"valueName":"search_term_string"}}],"inLanguage":"fr-FR"},{"@type":"Organization","@id":"https:\/\/donabeatriz.org\/#organization","name":"Association Dona Beatriz","url":"https:\/\/donabeatriz.org\/","logo":{"@type":"ImageObject","inLanguage":"fr-FR","@id":"https:\/\/donabeatriz.org\/#\/schema\/logo\/image\/","url":"","contentUrl":"","caption":"Association Dona Beatriz"},"image":{"@id":"https:\/\/donabeatriz.org\/#\/schema\/logo\/image\/"},"sameAs":["https:\/\/www.facebook.com\/DonaBeatrizAssociation"]}]}},"uagb_featured_image_src":{"full":false,"thumbnail":false,"medium":false,"medium_large":false,"large":false,"1536x1536":false,"2048x2048":false},"uagb_author_info":{"display_name":"webmaster webmaster","author_link":"https:\/\/donabeatriz.org\/index.php\/author\/adb_webmaster\/"},"uagb_comment_info":0,"uagb_excerpt":"Faire un don 1 site partenaire HelloAsso : la plateforme de paiement des associations.","_links":{"self":[{"href":"https:\/\/donabeatriz.org\/index.php\/wp-json\/wp\/v2\/pages\/1024","targetHints":{"allow":["GET"]}}],"collection":[{"href":"https:\/\/donabeatriz.org\/index.php\/wp-json\/wp\/v2\/pages"}],"about":[{"href":"https:\/\/donabeatriz.org\/index.php\/wp-json\/wp\/v2\/types\/page"}],"author":[{"embeddable":true,"href":"https:\/\/donabeatriz.org\/index.php\/wp-json\/wp\/v2\/users\/2"}],"replies":[{"embeddable":true,"href":"https:\/\/donabeatriz.org\/index.php\/wp-json\/wp\/v2\/comments?post=1024"}],"version-history":[{"count":45,"href":"https:\/\/donabeatriz.org\/index.php\/wp-json\/wp\/v2\/pages\/1024\/revisions"}],"predecessor-version":[{"id":5287,"href":"https:\/\/donabeatriz.org\/index.php\/wp-json\/wp\/v2\/pages\/1024\/revisions\/5287"}],"wp:attachment":[{"href":"https:\/\/donabeatriz.org\/index.php\/wp-json\/wp\/v2\/media?parent=1024"}],"curies":[{"name":"wp","href":"https:\/\/api.w.org\/{rel}","templated":true}]}}