{"id":970,"date":"2024-01-14T10:00:32","date_gmt":"2024-01-14T09:00:32","guid":{"rendered":"https:\/\/donabeatriz.org\/?page_id=970"},"modified":"2024-04-14T15:53:06","modified_gmt":"2024-04-14T13:53:06","slug":"formulairecontact","status":"publish","type":"page","link":"https:\/\/donabeatriz.org\/index.php\/formulairecontact\/","title":{"rendered":"Formulaire de contact"},"content":{"rendered":"\n<div class=\"wp-block-group has-global-padding is-layout-constrained wp-container-core-group-is-layout-389d16fd wp-block-group-is-layout-constrained\" style=\"padding-top:var(--wp--preset--spacing--superbspacing-xsmall);padding-right:var(--wp--preset--spacing--superbspacing-small);padding-bottom:var(--wp--preset--spacing--superbspacing-xxlarge);padding-left:var(--wp--preset--spacing--superbspacing-small)\">\n<div class=\"wp-block-columns are-vertically-aligned-top is-layout-flex wp-container-core-columns-is-layout-9a60ae21 wp-block-columns-is-layout-flex\" style=\"margin-top:0;margin-bottom:var(--wp--preset--spacing--superbspacing-small)\">\n<div class=\"wp-block-column is-vertically-aligned-top is-layout-flow wp-block-column-is-layout-flow\" style=\"flex-basis:40%\">\n<h2 class=\"wp-block-heading has-custom-noir-color has-text-color has-link-color has-superbfont-xlarge-font-size wp-elements-075dc7413883344cc4b41e60bc1ae5ec\" style=\"margin-top:0;margin-right:0;margin-bottom:var(--wp--preset--spacing--superbspacing-xxsmall);margin-left:0;padding-bottom:var(--wp--preset--spacing--superbspacing-xsmall)\">Nous contacter<\/h2>\n<\/div>\n\n\n\n<div class=\"wp-block-column is-vertically-aligned-top is-layout-flow wp-block-column-is-layout-flow\" style=\"flex-basis:50%\">\n<div class=\"wp-block-group is-nowrap is-layout-flex wp-container-core-group-is-layout-7412ce49 wp-block-group-is-layout-flex\" style=\"padding-top:var(--wp--preset--spacing--superbspacing-xxsmall)\">\n<h2 class=\"wp-block-heading has-primary-hover-color has-text-color has-link-color has-superbfont-medium-font-size wp-elements-2f69c56aa9da1656a51a158b52c1829a\">1<\/h2>\n\n\n\n<h2 class=\"wp-block-heading has-text-align-center adressemail has-custom-noir-color has-text-color has-link-color has-superbfont-medium-font-size wp-elements-6e37bb5fdfd3f2c5db534b92baaa4e84\" style=\"margin-bottom:var(--wp--preset--spacing--superbspacing-xxsmall)\">adresse : <a href=\"mailto:contact@donabeatriz.org\">contact@donabeatriz.org<\/a><\/h2>\n<\/div>\n\n\n\n<div class=\"wp-block-group has-global-padding is-layout-constrained wp-container-core-group-is-layout-685a0924 wp-block-group-is-layout-constrained\" style=\"border-top-style:none;border-top-width:0px;border-right-style:none;border-right-width:0px;border-bottom-style:none;border-bottom-width:0px;border-left-color:var(--wp--preset--color--primary-hover);border-left-width:4px;padding-left:var(--wp--preset--spacing--superbspacing-xxsmall)\">\n<p class=\"textegris has-mono-2-color has-text-color has-link-color wp-elements-48f3af857bc8fc60a0df4811bf6f1f73\">Participer, une question sur un projet, \u00e9crire pour Collection DB ? N&rsquo;h\u00e9sitez pas.<\/p>\n<\/div>\n<\/div>\n<\/div>\n<\/div>\n","protected":false},"excerpt":{"rendered":"<p>Nous contacter 1 adresse : contact@donabeatriz.org Participer, une question sur un projet, \u00e9crire pour Collection DB ? N&rsquo;h\u00e9sitez pas.<\/p>\n","protected":false},"author":2,"featured_media":0,"parent":0,"menu_order":0,"comment_status":"closed","ping_status":"closed","template":"","meta":{"_uag_custom_page_level_css":"","footnotes":""},"class_list":["post-970","page","type-page","status-publish","hentry"],"yoast_head":"<!-- This site is optimized with the Yoast SEO plugin v27.4 - https:\/\/yoast.com\/product\/yoast-seo-wordpress\/ -->\n<title>Formulaire de contact - Dona Beatriz<\/title>\n<meta name=\"description\" content=\"Association d\u2019int\u00e9r\u00eat g\u00e9n\u00e9ral, acteur de l\u2019\u00e9conomie sociale et solidaire, dont la vocation premi\u00e8re est le soutien aux diff\u00e9rentes populations qui sont dans le besoin quels que soient leurs origines, \u00e2ges, genres et croyances religieuses, ainsi que la pr\u00e9servation de leurs environnements. Nous contacter.\" \/>\n<meta name=\"robots\" content=\"index, follow, max-snippet:-1, max-image-preview:large, max-video-preview:-1\" \/>\n<link rel=\"canonical\" href=\"https:\/\/donabeatriz.org\/index.php\/formulairecontact\/\" \/>\n<meta property=\"og:locale\" content=\"fr_FR\" \/>\n<meta property=\"og:type\" content=\"article\" \/>\n<meta property=\"og:title\" content=\"Formulaire de contact - Dona Beatriz\" \/>\n<meta property=\"og:description\" content=\"Association d\u2019int\u00e9r\u00eat g\u00e9n\u00e9ral, acteur de l\u2019\u00e9conomie sociale et solidaire, dont la vocation premi\u00e8re est le soutien aux diff\u00e9rentes populations qui sont dans le besoin quels que soient leurs origines, \u00e2ges, genres et croyances religieuses, ainsi que la pr\u00e9servation de leurs environnements. Nous contacter.\" \/>\n<meta property=\"og:url\" content=\"https:\/\/donabeatriz.org\/index.php\/formulairecontact\/\" \/>\n<meta property=\"og:site_name\" content=\"Dona Beatriz\" \/>\n<meta property=\"article:publisher\" content=\"https:\/\/www.facebook.com\/DonaBeatrizAssociation\" \/>\n<meta property=\"article:modified_time\" content=\"2024-04-14T13:53:06+00:00\" \/>\n<meta property=\"og:image\" content=\"https:\/\/donabeatriz.org\/wp-content\/uploads\/2023\/03\/Logo-Asso-Dona-Beatriz_complet.png\" \/>\n\t<meta property=\"og:image:width\" content=\"940\" \/>\n\t<meta property=\"og:image:height\" content=\"1108\" \/>\n\t<meta property=\"og:image:type\" content=\"image\/png\" \/>\n<meta name=\"twitter:card\" content=\"summary_large_image\" \/>\n<meta name=\"twitter:label1\" content=\"Dur\u00e9e de lecture estim\u00e9e\" \/>\n\t<meta name=\"twitter:data1\" content=\"1 minute\" \/>\n<script type=\"application\/ld+json\" class=\"yoast-schema-graph\">{\"@context\":\"https:\\\/\\\/schema.org\",\"@graph\":[{\"@type\":[\"WebPage\",\"ContactPage\"],\"@id\":\"https:\\\/\\\/donabeatriz.org\\\/index.php\\\/formulairecontact\\\/\",\"url\":\"https:\\\/\\\/donabeatriz.org\\\/index.php\\\/formulairecontact\\\/\",\"name\":\"Formulaire de contact - Dona Beatriz\",\"isPartOf\":{\"@id\":\"https:\\\/\\\/donabeatriz.org\\\/#website\"},\"datePublished\":\"2024-01-14T09:00:32+00:00\",\"dateModified\":\"2024-04-14T13:53:06+00:00\",\"description\":\"Association d\u2019int\u00e9r\u00eat g\u00e9n\u00e9ral, acteur de l\u2019\u00e9conomie sociale et solidaire, dont la vocation premi\u00e8re est le soutien aux diff\u00e9rentes populations qui sont dans le besoin quels que soient leurs origines, \u00e2ges, genres et croyances religieuses, ainsi que la pr\u00e9servation de leurs environnements. Nous contacter.\",\"breadcrumb\":{\"@id\":\"https:\\\/\\\/donabeatriz.org\\\/index.php\\\/formulairecontact\\\/#breadcrumb\"},\"inLanguage\":\"fr-FR\",\"potentialAction\":[{\"@type\":\"ReadAction\",\"target\":[\"https:\\\/\\\/donabeatriz.org\\\/index.php\\\/formulairecontact\\\/\"]}]},{\"@type\":\"BreadcrumbList\",\"@id\":\"https:\\\/\\\/donabeatriz.org\\\/index.php\\\/formulairecontact\\\/#breadcrumb\",\"itemListElement\":[{\"@type\":\"ListItem\",\"position\":1,\"name\":\"Accueil\",\"item\":\"https:\\\/\\\/donabeatriz.org\\\/\"},{\"@type\":\"ListItem\",\"position\":2,\"name\":\"Formulaire de contact\"}]},{\"@type\":\"WebSite\",\"@id\":\"https:\\\/\\\/donabeatriz.org\\\/#website\",\"url\":\"https:\\\/\\\/donabeatriz.org\\\/\",\"name\":\"Dona Beatriz\",\"description\":\"Association d\u2019int\u00e9r\u00eat g\u00e9n\u00e9ral, acteur de l\u2019\u00e9conomie sociale et solidaire, dont la vocation premi\u00e8re est le soutien aux diff\u00e9rentes populations qui sont dans le besoin quels que soient leurs origines, \u00e2ges, genres et croyances religieuses, ainsi que la pr\u00e9servation de leurs environnements.\",\"publisher\":{\"@id\":\"https:\\\/\\\/donabeatriz.org\\\/#organization\"},\"potentialAction\":[{\"@type\":\"SearchAction\",\"target\":{\"@type\":\"EntryPoint\",\"urlTemplate\":\"https:\\\/\\\/donabeatriz.org\\\/?s={search_term_string}\"},\"query-input\":{\"@type\":\"PropertyValueSpecification\",\"valueRequired\":true,\"valueName\":\"search_term_string\"}}],\"inLanguage\":\"fr-FR\"},{\"@type\":\"Organization\",\"@id\":\"https:\\\/\\\/donabeatriz.org\\\/#organization\",\"name\":\"Association Dona Beatriz\",\"url\":\"https:\\\/\\\/donabeatriz.org\\\/\",\"logo\":{\"@type\":\"ImageObject\",\"inLanguage\":\"fr-FR\",\"@id\":\"https:\\\/\\\/donabeatriz.org\\\/#\\\/schema\\\/logo\\\/image\\\/\",\"url\":\"\",\"contentUrl\":\"\",\"caption\":\"Association Dona Beatriz\"},\"image\":{\"@id\":\"https:\\\/\\\/donabeatriz.org\\\/#\\\/schema\\\/logo\\\/image\\\/\"},\"sameAs\":[\"https:\\\/\\\/www.facebook.com\\\/DonaBeatrizAssociation\"]}]}<\/script>\n<!-- \/ Yoast SEO plugin. -->","yoast_head_json":{"title":"Formulaire de contact - Dona Beatriz","description":"Association d\u2019int\u00e9r\u00eat g\u00e9n\u00e9ral, acteur de l\u2019\u00e9conomie sociale et solidaire, dont la vocation premi\u00e8re est le soutien aux diff\u00e9rentes populations qui sont dans le besoin quels que soient leurs origines, \u00e2ges, genres et croyances religieuses, ainsi que la pr\u00e9servation de leurs environnements. Nous contacter.","robots":{"index":"index","follow":"follow","max-snippet":"max-snippet:-1","max-image-preview":"max-image-preview:large","max-video-preview":"max-video-preview:-1"},"canonical":"https:\/\/donabeatriz.org\/index.php\/formulairecontact\/","og_locale":"fr_FR","og_type":"article","og_title":"Formulaire de contact - Dona Beatriz","og_description":"Association d\u2019int\u00e9r\u00eat g\u00e9n\u00e9ral, acteur de l\u2019\u00e9conomie sociale et solidaire, dont la vocation premi\u00e8re est le soutien aux diff\u00e9rentes populations qui sont dans le besoin quels que soient leurs origines, \u00e2ges, genres et croyances religieuses, ainsi que la pr\u00e9servation de leurs environnements. Nous contacter.","og_url":"https:\/\/donabeatriz.org\/index.php\/formulairecontact\/","og_site_name":"Dona Beatriz","article_publisher":"https:\/\/www.facebook.com\/DonaBeatrizAssociation","article_modified_time":"2024-04-14T13:53:06+00:00","og_image":[{"width":940,"height":1108,"url":"https:\/\/donabeatriz.org\/wp-content\/uploads\/2023\/03\/Logo-Asso-Dona-Beatriz_complet.png","type":"image\/png"}],"twitter_card":"summary_large_image","twitter_misc":{"Dur\u00e9e de lecture estim\u00e9e":"1 minute"},"schema":{"@context":"https:\/\/schema.org","@graph":[{"@type":["WebPage","ContactPage"],"@id":"https:\/\/donabeatriz.org\/index.php\/formulairecontact\/","url":"https:\/\/donabeatriz.org\/index.php\/formulairecontact\/","name":"Formulaire de contact - Dona Beatriz","isPartOf":{"@id":"https:\/\/donabeatriz.org\/#website"},"datePublished":"2024-01-14T09:00:32+00:00","dateModified":"2024-04-14T13:53:06+00:00","description":"Association d\u2019int\u00e9r\u00eat g\u00e9n\u00e9ral, acteur de l\u2019\u00e9conomie sociale et solidaire, dont la vocation premi\u00e8re est le soutien aux diff\u00e9rentes populations qui sont dans le besoin quels que soient leurs origines, \u00e2ges, genres et croyances religieuses, ainsi que la pr\u00e9servation de leurs environnements. Nous contacter.","breadcrumb":{"@id":"https:\/\/donabeatriz.org\/index.php\/formulairecontact\/#breadcrumb"},"inLanguage":"fr-FR","potentialAction":[{"@type":"ReadAction","target":["https:\/\/donabeatriz.org\/index.php\/formulairecontact\/"]}]},{"@type":"BreadcrumbList","@id":"https:\/\/donabeatriz.org\/index.php\/formulairecontact\/#breadcrumb","itemListElement":[{"@type":"ListItem","position":1,"name":"Accueil","item":"https:\/\/donabeatriz.org\/"},{"@type":"ListItem","position":2,"name":"Formulaire de contact"}]},{"@type":"WebSite","@id":"https:\/\/donabeatriz.org\/#website","url":"https:\/\/donabeatriz.org\/","name":"Dona Beatriz","description":"Association d\u2019int\u00e9r\u00eat g\u00e9n\u00e9ral, acteur de l\u2019\u00e9conomie sociale et solidaire, dont la vocation premi\u00e8re est le soutien aux diff\u00e9rentes populations qui sont dans le besoin quels que soient leurs origines, \u00e2ges, genres et croyances religieuses, ainsi que la pr\u00e9servation de leurs environnements.","publisher":{"@id":"https:\/\/donabeatriz.org\/#organization"},"potentialAction":[{"@type":"SearchAction","target":{"@type":"EntryPoint","urlTemplate":"https:\/\/donabeatriz.org\/?s={search_term_string}"},"query-input":{"@type":"PropertyValueSpecification","valueRequired":true,"valueName":"search_term_string"}}],"inLanguage":"fr-FR"},{"@type":"Organization","@id":"https:\/\/donabeatriz.org\/#organization","name":"Association Dona Beatriz","url":"https:\/\/donabeatriz.org\/","logo":{"@type":"ImageObject","inLanguage":"fr-FR","@id":"https:\/\/donabeatriz.org\/#\/schema\/logo\/image\/","url":"","contentUrl":"","caption":"Association Dona Beatriz"},"image":{"@id":"https:\/\/donabeatriz.org\/#\/schema\/logo\/image\/"},"sameAs":["https:\/\/www.facebook.com\/DonaBeatrizAssociation"]}]}},"uagb_featured_image_src":{"full":false,"thumbnail":false,"medium":false,"medium_large":false,"large":false,"1536x1536":false,"2048x2048":false},"uagb_author_info":{"display_name":"webmaster webmaster","author_link":"https:\/\/donabeatriz.org\/index.php\/author\/adb_webmaster\/"},"uagb_comment_info":0,"uagb_excerpt":"Nous contacter 1 adresse : contact@donabeatriz.org Participer, une question sur un projet, \u00e9crire pour Collection DB ? N&rsquo;h\u00e9sitez pas.","_links":{"self":[{"href":"https:\/\/donabeatriz.org\/index.php\/wp-json\/wp\/v2\/pages\/970","targetHints":{"allow":["GET"]}}],"collection":[{"href":"https:\/\/donabeatriz.org\/index.php\/wp-json\/wp\/v2\/pages"}],"about":[{"href":"https:\/\/donabeatriz.org\/index.php\/wp-json\/wp\/v2\/types\/page"}],"author":[{"embeddable":true,"href":"https:\/\/donabeatriz.org\/index.php\/wp-json\/wp\/v2\/users\/2"}],"replies":[{"embeddable":true,"href":"https:\/\/donabeatriz.org\/index.php\/wp-json\/wp\/v2\/comments?post=970"}],"version-history":[{"count":61,"href":"https:\/\/donabeatriz.org\/index.php\/wp-json\/wp\/v2\/pages\/970\/revisions"}],"predecessor-version":[{"id":5853,"href":"https:\/\/donabeatriz.org\/index.php\/wp-json\/wp\/v2\/pages\/970\/revisions\/5853"}],"wp:attachment":[{"href":"https:\/\/donabeatriz.org\/index.php\/wp-json\/wp\/v2\/media?parent=970"}],"curies":[{"name":"wp","href":"https:\/\/api.w.org\/{rel}","templated":true}]}}